{"id":53,"date":"2014-12-29T11:40:23","date_gmt":"2014-12-29T11:40:23","guid":{"rendered":"http:\/\/themes.muffingroup.com\/be\/hosting\/?page_id=53"},"modified":"2026-04-02T11:16:00","modified_gmt":"2026-04-02T11:16:00","slug":"cennik","status":"publish","type":"page","link":"http:\/\/www.mobilatak.net\/web\/cennik\/","title":{"rendered":"Internet"},"content":{"rendered":"\n<div id=\"metaslider-id-472\" style=\"width: 100%; margin: 0 auto;\" class=\"ml-slider-3-107-0 metaslider metaslider-flex metaslider-472 ml-slider hide-slideshow-smartphone hide-caption-smartphone ms-theme-simply-dark nav-hidden\" role=\"region\" aria-label=\"Prvy_Slider\" data-height=\"400\" data-width=\"1200\">\n    <div id=\"metaslider_container_472\">\n        <div id=\"metaslider_472\">\n            <ul aria-live='off' class='slides'>\n                <li style=\"display: block; width: 100%;\" class=\"slide-473 ms-image \" aria-roledescription=\"slide\" data-date=\"2026-04-02 09:36:05\" data-filename=\"home_hosting_photo_box-380x126.jpg\" data-slide-type=\"image\"><img loading=\"lazy\" decoding=\"async\" src=\"http:\/\/www.mobilatak.net\/web\/wp-content\/uploads\/2014\/12\/home_hosting_photo_box-380x126.jpg\" height=\"400\" width=\"1200\" alt=\"pripojenie vr\u00e1ble a okolie\" class=\"slider-472 slide-473 msDefaultImage\" title=\"pripojenie vr\u00e1ble a okolie\" \/><div class=\"caption-wrap\"><div class=\"caption\"><div>Dostupn\u00e9 pripojenie pre dom\u00e1cnosti a firmy<\/div><\/div><\/div><\/li>\n                <li style=\"display: none; width: 100%;\" class=\"slide-475 ms-image \" aria-roledescription=\"slide\" data-date=\"2026-04-02 09:36:11\" data-filename=\"home_hosting_about-380x126.jpg\" data-slide-type=\"image\"><img loading=\"lazy\" decoding=\"async\" src=\"http:\/\/www.mobilatak.net\/web\/wp-content\/uploads\/2014\/12\/home_hosting_about-380x126.jpg\" height=\"400\" width=\"1200\" alt=\"pripojenie vr\u00e1ble a okolie\" class=\"slider-472 slide-475 msDefaultImage\" title=\"pripojenie vr\u00e1ble a okolie\" \/><div class=\"caption-wrap\"><div class=\"caption\"><div>Pripojenie v p\u00e1sme 5GHz \/ metalick\u00e9<\/div><\/div><\/div><\/li>\n                <li style=\"display: none; width: 100%;\" class=\"slide-477 ms-image \" aria-roledescription=\"slide\" data-date=\"2026-04-02 09:36:13\" data-filename=\"stux-wlan-3251871_1920-1920x640.jpg\" data-slide-type=\"image\"><img loading=\"lazy\" decoding=\"async\" src=\"http:\/\/www.mobilatak.net\/web\/wp-content\/uploads\/2026\/04\/stux-wlan-3251871_1920-1920x640.jpg\" height=\"400\" width=\"1200\" alt=\"pripojenie vr\u00e1ble a okolie\" class=\"slider-472 slide-477 msDefaultImage\" title=\"pripojenie vr\u00e1ble a okolie\" \/><div class=\"caption-wrap\"><div class=\"caption\"><div>Routre a switche dostupn\u00e9 skladom<\/div><\/div><\/div><\/li>\n                <li style=\"display: none; width: 100%;\" class=\"slide-479 ms-image \" aria-roledescription=\"slide\" data-date=\"2026-04-02 09:36:19\" data-filename=\"VPN-425x141.png\" data-slide-type=\"image\"><img loading=\"lazy\" decoding=\"async\" src=\"http:\/\/www.mobilatak.net\/web\/wp-content\/uploads\/2014\/12\/VPN-425x141.png\" height=\"400\" width=\"1200\" alt=\"VPN, individu\u00e1lne pripojenie\" class=\"slider-472 slide-479 msDefaultImage\" title=\"VPN, individu\u00e1lne pripojenie\" \/><div class=\"caption-wrap\"><div class=\"caption\"><div>VPN a individu\u00e1lne pripojenie<\/div><\/div><\/div><\/li>\n            <\/ul>\n        <div class='flex-progress-bar'><\/div>\n        <\/div>\n        \n    <\/div>\n<\/div>\n","protected":false},"excerpt":{"rendered":"Dostupn\u00e9 pripojenie pre dom\u00e1cnosti a firmy Pripojenie v p\u00e1sme 5GHz \/ metalick\u00e9 Routre a switche dostupn\u00e9 skladom VPN a individu\u00e1lne pripojenie","protected":false},"author":4,"featured_media":0,"parent":0,"menu_order":0,"comment_status":"closed","ping_status":"closed","template":"","meta":{"footnotes":""},"class_list":["post-53","page","type-page","status-publish","hentry"],"_links":{"self":[{"href":"http:\/\/www.mobilatak.net\/web\/wp-json\/wp\/v2\/pages\/53","targetHints":{"allow":["GET"]}}],"collection":[{"href":"http:\/\/www.mobilatak.net\/web\/wp-json\/wp\/v2\/pages"}],"about":[{"href":"http:\/\/www.mobilatak.net\/web\/wp-json\/wp\/v2\/types\/page"}],"author":[{"embeddable":true,"href":"http:\/\/www.mobilatak.net\/web\/wp-json\/wp\/v2\/users\/4"}],"replies":[{"embeddable":true,"href":"http:\/\/www.mobilatak.net\/web\/wp-json\/wp\/v2\/comments?post=53"}],"version-history":[{"count":7,"href":"http:\/\/www.mobilatak.net\/web\/wp-json\/wp\/v2\/pages\/53\/revisions"}],"predecessor-version":[{"id":483,"href":"http:\/\/www.mobilatak.net\/web\/wp-json\/wp\/v2\/pages\/53\/revisions\/483"}],"wp:attachment":[{"href":"http:\/\/www.mobilatak.net\/web\/wp-json\/wp\/v2\/media?parent=53"}],"curies":[{"name":"wp","href":"https:\/\/api.w.org\/{rel}","templated":true}]}}